{"id":190,"date":"2021-03-11T11:15:48","date_gmt":"2021-03-11T10:15:48","guid":{"rendered":"https:\/\/www.svimisa.it\/svimisa\/?page_id=190"},"modified":"2026-01-26T11:50:18","modified_gmt":"2026-01-26T10:50:18","slug":"miniera-funtana-piroi","status":"publish","type":"page","link":"https:\/\/www.svimisa.it\/svimisa\/miniera-funtana-piroi\/","title":{"rendered":"Miniera Funtana Piroi"},"content":{"rendered":"\r\n<div class=\"wp-block-image\"><iframe loading=\"lazy\" style=\"width: 100%;\" title=\"Miniera Molino Falzu ad Ardara (SS) dal drone\" src=\"https:\/\/www.youtube.com\/embed\/FOQx8ihREwc?feature=oembed\" width=\"100%\" height=\"450\" frameborder=\"0\" allowfullscreen=\"allowfullscreen\"><\/iframe><\/div>\r\n\r\n\r\n\r\n<p>Il giacimento di Argille si estende senza soluzione di continuit\u00e0 per circa 850 ettari in agro del Comune di Escalaplano (CA), la Concessione mineraria occupa attualmente 350 ettari con riserve accertate per oltre 3 milioni di tonnellate.<\/p>\r\n\r\n\r\n\r\n<p>La geologia del settore \u00e8 quella tipica delle formazioni della Sardegna centrale in particolare per quanto attiene la copertura sedimentaria mesozoica, discordante con il basamento cristallino paleozoico: in particolare nel settore di Escalaplano sono ben visibili i termini triassici e del Giurese medio nel quale tra il conglomerato di quarzo a letto e i calcari dolomitici a tetto \u00e8 presente la formazione argillosa di nostro interesse.<\/p>\r\n\r\n\r\n\r\n<p>Lo spessore della formazione argillosa varia dagli 8 ai 10 metri ed \u00e8 costituito da una alternanza di livelli siltoso-arenacei grigi e livelli caolinitico-illitici plastici sia grigi sia rossastri.<\/p>\r\n\r\n\r\n\r\n<p id=\"caption-attachment-930\">Preparazione di una volata sullo sterile calcareo<\/p>\r\n\r\n\r\n\r\n<p>Il tenore in minerali argillosi varia da un minimo del 60% nei livelli arenacei ad un massimo dell\u201980% nei livelli plastici con subordinati feldspati e miche e quarzo.<\/p>\r\n\r\n\r\n\r\n<p id=\"caption-attachment-176\">\u00a0<\/p>\r\n\r\n\r\n\r\n<p>La discreta variet\u00e0 composizionale delle argille, con tenori di Allumina variabili dal 20 al 30% permette\u00a0di ottenere\u00a0\u00a0di miscele diversificate e costanti \u00a0per gli impasti ceramici e per il refrattario.<\/p>\r\n\r\n\r\n\r\n<p>L\u2019attivit\u00e0 estrattiva \u00e8 sempre preceduta da una accurata campagna di sondaggi al fine di valutare la continuit\u00e0 qualitativa e quantitativa della formazione argillosa; la coltivazione avviene previo abbattimento dello sterile calcareo e l\u2019estrazione delle diverse litologie argillose viene eseguita selettivamente con l\u2019ausilio di escavatori e pale caricatrici.<\/p>\r\n\r\n\r\n\r\n<p>La produzione \u00a0\u00e8 stoccata\u00a0\u00a0nel magazzino materie prime, \u00a0sottoposta a campionamento e relative analisi chimico-fisiche e di caratterizzazione ceramica. Sulla base delle analisi suddette vengono predisposte le formulazioni delle\u00a0<a href=\"\/svimisa\/prodotti-e-certificazioni\/\" target=\"_blank\" rel=\"noreferrer noopener\"><strong>miscele commerciali<\/strong>\u00a0<\/a>in conformit\u00e0 con le specifiche di prodotto.<\/p>\r\n\r\n\r\n\r\n<p id=\"caption-attachment-943\">Fase di ripristino ambientale<\/p>\r\n\r\n\r\n\r\n<p>Notevole attenzione viene riposta al ripristino delle aree interessate ai lavori minerari, in particolare al recupero dei terreni sotto il profilo morfologico e ambientale.<\/p>\r\n","protected":false},"excerpt":{"rendered":"<p>Il giacimento di Argille si estende senza soluzione di continuit\u00e0 per circa 850 ettari in agro del Comune di Escalaplano (CA), la Concessione mineraria occupa attualmente 350 ettari con riserve accertate per oltre 3 milioni di tonnellate. La geologia del settore \u00e8 quella tipica delle formazioni della Sardegna centrale in particolare per quanto attiene la [&hellip;]<\/p>\n","protected":false},"author":1,"featured_media":0,"parent":0,"menu_order":0,"comment_status":"closed","ping_status":"closed","template":"","meta":{"footnotes":""},"class_list":["post-190","page","type-page","status-publish","hentry"],"yoast_head":"<!-- This site is optimized with the Yoast SEO plugin v27.4 - https:\/\/yoast.com\/product\/yoast-seo-wordpress\/ -->\r\n<title>Miniera Funtana Piroi -<\/title>\r\n<meta name=\"robots\" content=\"index, follow, max-snippet:-1, max-image-preview:large, max-video-preview:-1\" \/>\r\n<link rel=\"canonical\" href=\"https:\/\/www.svimisa.it\/svimisa\/miniera-funtana-piroi\/\" \/>\r\n<meta property=\"og:locale\" content=\"it_IT\" \/>\r\n<meta property=\"og:type\" content=\"article\" \/>\r\n<meta property=\"og:title\" content=\"Miniera Funtana Piroi -\" \/>\r\n<meta property=\"og:description\" content=\"Il giacimento di Argille si estende senza soluzione di continuit\u00e0 per circa 850 ettari in agro del Comune di Escalaplano (CA), la Concessione mineraria occupa attualmente 350 ettari con riserve accertate per oltre 3 milioni di tonnellate. La geologia del settore \u00e8 quella tipica delle formazioni della Sardegna centrale in particolare per quanto attiene la [&hellip;]\" \/>\r\n<meta property=\"og:url\" content=\"https:\/\/www.svimisa.it\/svimisa\/miniera-funtana-piroi\/\" \/>\r\n<meta property=\"article:modified_time\" content=\"2026-01-26T10:50:18+00:00\" \/>\r\n<meta name=\"twitter:card\" content=\"summary_large_image\" \/>\r\n<meta name=\"twitter:label1\" content=\"Tempo di lettura stimato\" \/>\n\t<meta name=\"twitter:data1\" content=\"2 minuti\" \/>\r\n<script type=\"application\/ld+json\" class=\"yoast-schema-graph\">{\"@context\":\"https:\\\/\\\/schema.org\",\"@graph\":[{\"@type\":\"WebPage\",\"@id\":\"https:\\\/\\\/www.svimisa.it\\\/svimisa\\\/miniera-funtana-piroi\\\/\",\"url\":\"https:\\\/\\\/www.svimisa.it\\\/svimisa\\\/miniera-funtana-piroi\\\/\",\"name\":\"Miniera Funtana Piroi -\",\"isPartOf\":{\"@id\":\"https:\\\/\\\/www.svimisa.it\\\/svimisa\\\/#website\"},\"datePublished\":\"2021-03-11T10:15:48+00:00\",\"dateModified\":\"2026-01-26T10:50:18+00:00\",\"breadcrumb\":{\"@id\":\"https:\\\/\\\/www.svimisa.it\\\/svimisa\\\/miniera-funtana-piroi\\\/#breadcrumb\"},\"inLanguage\":\"it-IT\",\"potentialAction\":[{\"@type\":\"ReadAction\",\"target\":[\"https:\\\/\\\/www.svimisa.it\\\/svimisa\\\/miniera-funtana-piroi\\\/\"]}]},{\"@type\":\"BreadcrumbList\",\"@id\":\"https:\\\/\\\/www.svimisa.it\\\/svimisa\\\/miniera-funtana-piroi\\\/#breadcrumb\",\"itemListElement\":[{\"@type\":\"ListItem\",\"position\":1,\"name\":\"Home\",\"item\":\"https:\\\/\\\/www.svimisa.it\\\/svimisa\\\/\"},{\"@type\":\"ListItem\",\"position\":2,\"name\":\"Miniera Funtana Piroi\"}]},{\"@type\":\"WebSite\",\"@id\":\"https:\\\/\\\/www.svimisa.it\\\/svimisa\\\/#website\",\"url\":\"https:\\\/\\\/www.svimisa.it\\\/svimisa\\\/\",\"name\":\"\",\"description\":\"SVI.MI.SA. SPA\",\"publisher\":{\"@id\":\"https:\\\/\\\/www.svimisa.it\\\/svimisa\\\/#organization\"},\"potentialAction\":[{\"@type\":\"SearchAction\",\"target\":{\"@type\":\"EntryPoint\",\"urlTemplate\":\"https:\\\/\\\/www.svimisa.it\\\/svimisa\\\/?s={search_term_string}\"},\"query-input\":{\"@type\":\"PropertyValueSpecification\",\"valueRequired\":true,\"valueName\":\"search_term_string\"}}],\"inLanguage\":\"it-IT\"},{\"@type\":\"Organization\",\"@id\":\"https:\\\/\\\/www.svimisa.it\\\/svimisa\\\/#organization\",\"name\":\"\",\"url\":\"https:\\\/\\\/www.svimisa.it\\\/svimisa\\\/\",\"logo\":{\"@type\":\"ImageObject\",\"inLanguage\":\"it-IT\",\"@id\":\"https:\\\/\\\/www.svimisa.it\\\/svimisa\\\/#\\\/schema\\\/logo\\\/image\\\/\",\"url\":\"https:\\\/\\\/www.svimisa.it\\\/svimisa\\\/wp-content\\\/uploads\\\/2021\\\/03\\\/logo.png\",\"contentUrl\":\"https:\\\/\\\/www.svimisa.it\\\/svimisa\\\/wp-content\\\/uploads\\\/2021\\\/03\\\/logo.png\",\"width\":807,\"height\":399,\"caption\":\"       \"},\"image\":{\"@id\":\"https:\\\/\\\/www.svimisa.it\\\/svimisa\\\/#\\\/schema\\\/logo\\\/image\\\/\"}}]}<\/script>\r\n<!-- \/ Yoast SEO plugin. -->","yoast_head_json":{"title":"Miniera Funtana Piroi -","robots":{"index":"index","follow":"follow","max-snippet":"max-snippet:-1","max-image-preview":"max-image-preview:large","max-video-preview":"max-video-preview:-1"},"canonical":"https:\/\/www.svimisa.it\/svimisa\/miniera-funtana-piroi\/","og_locale":"it_IT","og_type":"article","og_title":"Miniera Funtana Piroi -","og_description":"Il giacimento di Argille si estende senza soluzione di continuit\u00e0 per circa 850 ettari in agro del Comune di Escalaplano (CA), la Concessione mineraria occupa attualmente 350 ettari con riserve accertate per oltre 3 milioni di tonnellate. La geologia del settore \u00e8 quella tipica delle formazioni della Sardegna centrale in particolare per quanto attiene la [&hellip;]","og_url":"https:\/\/www.svimisa.it\/svimisa\/miniera-funtana-piroi\/","article_modified_time":"2026-01-26T10:50:18+00:00","twitter_card":"summary_large_image","twitter_misc":{"Tempo di lettura stimato":"2 minuti"},"schema":{"@context":"https:\/\/schema.org","@graph":[{"@type":"WebPage","@id":"https:\/\/www.svimisa.it\/svimisa\/miniera-funtana-piroi\/","url":"https:\/\/www.svimisa.it\/svimisa\/miniera-funtana-piroi\/","name":"Miniera Funtana Piroi -","isPartOf":{"@id":"https:\/\/www.svimisa.it\/svimisa\/#website"},"datePublished":"2021-03-11T10:15:48+00:00","dateModified":"2026-01-26T10:50:18+00:00","breadcrumb":{"@id":"https:\/\/www.svimisa.it\/svimisa\/miniera-funtana-piroi\/#breadcrumb"},"inLanguage":"it-IT","potentialAction":[{"@type":"ReadAction","target":["https:\/\/www.svimisa.it\/svimisa\/miniera-funtana-piroi\/"]}]},{"@type":"BreadcrumbList","@id":"https:\/\/www.svimisa.it\/svimisa\/miniera-funtana-piroi\/#breadcrumb","itemListElement":[{"@type":"ListItem","position":1,"name":"Home","item":"https:\/\/www.svimisa.it\/svimisa\/"},{"@type":"ListItem","position":2,"name":"Miniera Funtana Piroi"}]},{"@type":"WebSite","@id":"https:\/\/www.svimisa.it\/svimisa\/#website","url":"https:\/\/www.svimisa.it\/svimisa\/","name":"","description":"SVI.MI.SA. SPA","publisher":{"@id":"https:\/\/www.svimisa.it\/svimisa\/#organization"},"potentialAction":[{"@type":"SearchAction","target":{"@type":"EntryPoint","urlTemplate":"https:\/\/www.svimisa.it\/svimisa\/?s={search_term_string}"},"query-input":{"@type":"PropertyValueSpecification","valueRequired":true,"valueName":"search_term_string"}}],"inLanguage":"it-IT"},{"@type":"Organization","@id":"https:\/\/www.svimisa.it\/svimisa\/#organization","name":"","url":"https:\/\/www.svimisa.it\/svimisa\/","logo":{"@type":"ImageObject","inLanguage":"it-IT","@id":"https:\/\/www.svimisa.it\/svimisa\/#\/schema\/logo\/image\/","url":"https:\/\/www.svimisa.it\/svimisa\/wp-content\/uploads\/2021\/03\/logo.png","contentUrl":"https:\/\/www.svimisa.it\/svimisa\/wp-content\/uploads\/2021\/03\/logo.png","width":807,"height":399,"caption":"       "},"image":{"@id":"https:\/\/www.svimisa.it\/svimisa\/#\/schema\/logo\/image\/"}}]}},"_links":{"self":[{"href":"https:\/\/www.svimisa.it\/svimisa\/wp-json\/wp\/v2\/pages\/190","targetHints":{"allow":["GET"]}}],"collection":[{"href":"https:\/\/www.svimisa.it\/svimisa\/wp-json\/wp\/v2\/pages"}],"about":[{"href":"https:\/\/www.svimisa.it\/svimisa\/wp-json\/wp\/v2\/types\/page"}],"author":[{"embeddable":true,"href":"https:\/\/www.svimisa.it\/svimisa\/wp-json\/wp\/v2\/users\/1"}],"replies":[{"embeddable":true,"href":"https:\/\/www.svimisa.it\/svimisa\/wp-json\/wp\/v2\/comments?post=190"}],"version-history":[{"count":7,"href":"https:\/\/www.svimisa.it\/svimisa\/wp-json\/wp\/v2\/pages\/190\/revisions"}],"predecessor-version":[{"id":1337,"href":"https:\/\/www.svimisa.it\/svimisa\/wp-json\/wp\/v2\/pages\/190\/revisions\/1337"}],"wp:attachment":[{"href":"https:\/\/www.svimisa.it\/svimisa\/wp-json\/wp\/v2\/media?parent=190"}],"curies":[{"name":"wp","href":"https:\/\/api.w.org\/{rel}","templated":true}]}}